{"id":7932,"date":"2020-08-17T19:18:43","date_gmt":"2020-08-17T17:18:43","guid":{"rendered":"https:\/\/recover-pants.de\/?page_id=7932"},"modified":"2020-08-17T19:47:46","modified_gmt":"2020-08-17T17:47:46","slug":"mentions-legales","status":"publish","type":"page","link":"https:\/\/recover-pants.de\/fr\/mentions-legales\/","title":{"rendered":"Mentions l\u00e9gales"},"content":{"rendered":"\t\t<div data-elementor-type=\"wp-post\" data-elementor-id=\"7932\" class=\"elementor elementor-7932\">\n\t\t\t\t\t\t<section class=\"elementor-section elementor-top-section elementor-element elementor-element-048fadc elementor-section-boxed elementor-section-height-default elementor-section-height-default\" data-id=\"048fadc\" data-element_type=\"section\" data-settings=\"{&quot;jet_parallax_layout_list&quot;:[{&quot;jet_parallax_layout_image&quot;:{&quot;url&quot;:&quot;&quot;,&quot;id&quot;:&quot;&quot;,&quot;size&quot;:&quot;&quot;},&quot;_id&quot;:&quot;0d77dcd&quot;,&quot;jet_parallax_layout_speed&quot;:{&quot;unit&quot;:&quot;%&quot;,&quot;size&quot;:50,&quot;sizes&quot;:[]},&quot;jet_parallax_layout_type&quot;:&quot;scroll&quot;,&quot;jet_parallax_layout_z_index&quot;:&quot;&quot;,&quot;jet_parallax_layout_bg_x&quot;:50,&quot;jet_parallax_layout_bg_y&quot;:50,&quot;jet_parallax_layout_bg_size&quot;:&quot;auto&quot;,&quot;jet_parallax_layout_animation_prop&quot;:&quot;transform&quot;,&quot;jet_parallax_layout_on&quot;:[&quot;desktop&quot;,&quot;tablet&quot;],&quot;jet_parallax_layout_image_tablet&quot;:{&quot;url&quot;:&quot;&quot;,&quot;id&quot;:&quot;&quot;,&quot;size&quot;:&quot;&quot;},&quot;jet_parallax_layout_image_mobile&quot;:{&quot;url&quot;:&quot;&quot;,&quot;id&quot;:&quot;&quot;,&quot;size&quot;:&quot;&quot;},&quot;jet_parallax_layout_direction&quot;:null,&quot;jet_parallax_layout_fx_direction&quot;:null,&quot;jet_parallax_layout_bg_x_tablet&quot;:&quot;&quot;,&quot;jet_parallax_layout_bg_x_mobile&quot;:&quot;&quot;,&quot;jet_parallax_layout_bg_y_tablet&quot;:&quot;&quot;,&quot;jet_parallax_layout_bg_y_mobile&quot;:&quot;&quot;,&quot;jet_parallax_layout_bg_size_tablet&quot;:&quot;&quot;,&quot;jet_parallax_layout_bg_size_mobile&quot;:&quot;&quot;}]}\">\n\t\t\t\t\t\t<div class=\"elementor-container elementor-column-gap-default\">\n\t\t\t\t\t<div class=\"elementor-column elementor-col-100 elementor-top-column elementor-element elementor-element-a3caf93\" data-id=\"a3caf93\" data-element_type=\"column\">\n\t\t\t<div class=\"elementor-widget-wrap elementor-element-populated\">\n\t\t\t\t\t\t<div class=\"elementor-element elementor-element-a579fc0 elementor-widget elementor-widget-heading\" data-id=\"a579fc0\" data-element_type=\"widget\" data-widget_type=\"heading.default\">\n\t\t\t\t<div class=\"elementor-widget-container\">\n\t\t\t<h4 class=\"elementor-heading-title elementor-size-default\">MENTIONS L\u00c9GALES<\/h4>\t\t<\/div>\n\t\t\t\t<\/div>\n\t\t\t\t<div class=\"elementor-element elementor-element-92d8a27 elementor-widget elementor-widget-spacer\" data-id=\"92d8a27\" data-element_type=\"widget\" data-widget_type=\"spacer.default\">\n\t\t\t\t<div class=\"elementor-widget-container\">\n\t\t\t\t\t<div class=\"elementor-spacer\">\n\t\t\t<div class=\"elementor-spacer-inner\"><\/div>\n\t\t<\/div>\n\t\t\t\t<\/div>\n\t\t\t\t<\/div>\n\t\t\t\t<div class=\"elementor-element elementor-element-d9cd19e elementor-widget elementor-widget-text-editor\" data-id=\"d9cd19e\" data-element_type=\"widget\" data-widget_type=\"text-editor.default\">\n\t\t\t\t<div class=\"elementor-widget-container\">\n\t\t\t\t\t\t\t<h3>Informations en vertu de la loi allemande sur les m\u00e9dias \u00e9lectroniques (TMG)<\/h3><p>Get In Textil GmbH &amp; Co. KG<\/p><p>Rudolfstr. 10B<br \/>D-41068 M\u00f6nchengladbach<br \/>T\u00e9l. : +49 2161 837620<br \/>Fax:: +49 2161 831551<br \/>E-mail: sales|AT|recover-pants.de<br \/>www.recover-pants.de<\/p><p>Forme juridique : Soci\u00e9t\u00e9 en commandite<br \/>Si\u00e8ge : M\u00f6nchengladbach<br \/>Tribunal d\u2019instance : M\u00f6nchengladbach HRA 3183<br \/>No TVA : DE 811779371<\/p><h3>Associ\u00e9s personnellement responsables de Get In Textil GmbH &amp; Co KG :<\/h3><p>Get In Textil Verwaltungs GmbH<br \/>Si\u00e8ge : M\u00f6nchengladbach HRA 5023<br \/>Directeur : Lutz R\u00fcter<\/p><h3>Conception, design et r\u00e9alisation :<\/h3><p>Picpoint GmbH<br \/>Benzenbergstra\u00dfe 50<br \/>D-40219 D\u00fcsseldorf<br \/>www.picpoint.biz<\/p>\t\t\t\t\t\t<\/div>\n\t\t\t\t<\/div>\n\t\t\t\t<div class=\"elementor-element elementor-element-a1af25c elementor-widget elementor-widget-spacer\" data-id=\"a1af25c\" data-element_type=\"widget\" data-widget_type=\"spacer.default\">\n\t\t\t\t<div class=\"elementor-widget-container\">\n\t\t\t\t\t<div class=\"elementor-spacer\">\n\t\t\t<div class=\"elementor-spacer-inner\"><\/div>\n\t\t<\/div>\n\t\t\t\t<\/div>\n\t\t\t\t<\/div>\n\t\t\t\t\t<\/div>\n\t\t<\/div>\n\t\t\t\t\t<\/div>\n\t\t<\/section>\n\t\t\t\t<section class=\"elementor-section elementor-top-section elementor-element elementor-element-79d38b09 elementor-section-boxed elementor-section-height-default elementor-section-height-default\" data-id=\"79d38b09\" data-element_type=\"section\" data-settings=\"{&quot;jet_parallax_layout_list&quot;:[{&quot;jet_parallax_layout_image&quot;:{&quot;url&quot;:&quot;&quot;,&quot;id&quot;:&quot;&quot;,&quot;size&quot;:&quot;&quot;},&quot;_id&quot;:&quot;d546b95&quot;,&quot;jet_parallax_layout_image_tablet&quot;:{&quot;url&quot;:&quot;&quot;,&quot;id&quot;:&quot;&quot;,&quot;size&quot;:&quot;&quot;},&quot;jet_parallax_layout_image_mobile&quot;:{&quot;url&quot;:&quot;&quot;,&quot;id&quot;:&quot;&quot;,&quot;size&quot;:&quot;&quot;},&quot;jet_parallax_layout_speed&quot;:{&quot;unit&quot;:&quot;%&quot;,&quot;size&quot;:50,&quot;sizes&quot;:[]},&quot;jet_parallax_layout_type&quot;:&quot;scroll&quot;,&quot;jet_parallax_layout_direction&quot;:null,&quot;jet_parallax_layout_fx_direction&quot;:null,&quot;jet_parallax_layout_z_index&quot;:&quot;&quot;,&quot;jet_parallax_layout_bg_x&quot;:50,&quot;jet_parallax_layout_bg_y&quot;:50,&quot;jet_parallax_layout_bg_size&quot;:&quot;auto&quot;,&quot;jet_parallax_layout_animation_prop&quot;:&quot;transform&quot;,&quot;jet_parallax_layout_on&quot;:[&quot;desktop&quot;,&quot;tablet&quot;],&quot;jet_parallax_layout_bg_x_tablet&quot;:&quot;&quot;,&quot;jet_parallax_layout_bg_x_mobile&quot;:&quot;&quot;,&quot;jet_parallax_layout_bg_y_tablet&quot;:&quot;&quot;,&quot;jet_parallax_layout_bg_y_mobile&quot;:&quot;&quot;,&quot;jet_parallax_layout_bg_size_tablet&quot;:&quot;&quot;,&quot;jet_parallax_layout_bg_size_mobile&quot;:&quot;&quot;}]}\">\n\t\t\t\t\t\t<div class=\"elementor-container elementor-column-gap-default\">\n\t\t\t\t\t<div class=\"elementor-column elementor-col-100 elementor-top-column elementor-element elementor-element-c1fc40a\" data-id=\"c1fc40a\" data-element_type=\"column\">\n\t\t\t<div class=\"elementor-widget-wrap\">\n\t\t\t\t\t\t\t<\/div>\n\t\t<\/div>\n\t\t\t\t\t<\/div>\n\t\t<\/section>\n\t\t\t\t<section class=\"elementor-section elementor-top-section elementor-element elementor-element-60e4f36b elementor-section-stretched elementor-section-boxed elementor-section-height-default elementor-section-height-default\" data-id=\"60e4f36b\" data-element_type=\"section\" data-settings=\"{&quot;jet_parallax_layout_list&quot;:[{&quot;jet_parallax_layout_image&quot;:{&quot;url&quot;:&quot;&quot;,&quot;id&quot;:&quot;&quot;,&quot;size&quot;:&quot;&quot;},&quot;_id&quot;:&quot;e831984&quot;,&quot;jet_parallax_layout_speed&quot;:{&quot;unit&quot;:&quot;%&quot;,&quot;size&quot;:50,&quot;sizes&quot;:[]},&quot;jet_parallax_layout_type&quot;:&quot;scroll&quot;,&quot;jet_parallax_layout_z_index&quot;:&quot;&quot;,&quot;jet_parallax_layout_bg_x&quot;:50,&quot;jet_parallax_layout_bg_y&quot;:50,&quot;jet_parallax_layout_bg_size&quot;:&quot;auto&quot;,&quot;jet_parallax_layout_animation_prop&quot;:&quot;transform&quot;,&quot;jet_parallax_layout_on&quot;:[&quot;desktop&quot;,&quot;tablet&quot;],&quot;jet_parallax_layout_image_tablet&quot;:{&quot;url&quot;:&quot;&quot;,&quot;id&quot;:&quot;&quot;,&quot;size&quot;:&quot;&quot;},&quot;jet_parallax_layout_image_mobile&quot;:{&quot;url&quot;:&quot;&quot;,&quot;id&quot;:&quot;&quot;,&quot;size&quot;:&quot;&quot;},&quot;jet_parallax_layout_direction&quot;:null,&quot;jet_parallax_layout_fx_direction&quot;:null,&quot;jet_parallax_layout_bg_x_tablet&quot;:&quot;&quot;,&quot;jet_parallax_layout_bg_x_mobile&quot;:&quot;&quot;,&quot;jet_parallax_layout_bg_y_tablet&quot;:&quot;&quot;,&quot;jet_parallax_layout_bg_y_mobile&quot;:&quot;&quot;,&quot;jet_parallax_layout_bg_size_tablet&quot;:&quot;&quot;,&quot;jet_parallax_layout_bg_size_mobile&quot;:&quot;&quot;}],&quot;stretch_section&quot;:&quot;section-stretched&quot;}\">\n\t\t\t\t\t\t<div class=\"elementor-container elementor-column-gap-default\">\n\t\t\t\t\t<div class=\"elementor-column elementor-col-100 elementor-top-column elementor-element elementor-element-29145d33\" data-id=\"29145d33\" data-element_type=\"column\">\n\t\t\t<div class=\"elementor-widget-wrap elementor-element-populated\">\n\t\t\t\t\t\t<div class=\"elementor-element elementor-element-607bba3b elementor-widget elementor-widget-spacer\" data-id=\"607bba3b\" data-element_type=\"widget\" data-widget_type=\"spacer.default\">\n\t\t\t\t<div class=\"elementor-widget-container\">\n\t\t\t\t\t<div class=\"elementor-spacer\">\n\t\t\t<div class=\"elementor-spacer-inner\"><\/div>\n\t\t<\/div>\n\t\t\t\t<\/div>\n\t\t\t\t<\/div>\n\t\t\t\t<div class=\"elementor-element elementor-element-49f4d8e3 elementor-widget elementor-widget-spacer\" data-id=\"49f4d8e3\" data-element_type=\"widget\" data-widget_type=\"spacer.default\">\n\t\t\t\t<div class=\"elementor-widget-container\">\n\t\t\t\t\t<div class=\"elementor-spacer\">\n\t\t\t<div class=\"elementor-spacer-inner\"><\/div>\n\t\t<\/div>\n\t\t\t\t<\/div>\n\t\t\t\t<\/div>\n\t\t\t\t<div class=\"elementor-element elementor-element-1abc3f55 elementor-shape-circle elementor-grid-0 e-grid-align-center elementor-widget elementor-widget-social-icons\" data-id=\"1abc3f55\" data-element_type=\"widget\" data-widget_type=\"social-icons.default\">\n\t\t\t\t<div class=\"elementor-widget-container\">\n\t\t\t\t\t<div class=\"elementor-social-icons-wrapper elementor-grid\">\n\t\t\t\t\t\t\t<span class=\"elementor-grid-item\">\n\t\t\t\t\t<a class=\"elementor-icon elementor-social-icon elementor-social-icon-facebook-f elementor-repeater-item-88d5e2a\" href=\"https:\/\/de-de.facebook.com\/pg\/RECOVER.pants\/about\/\" target=\"_blank\">\n\t\t\t\t\t\t<span class=\"elementor-screen-only\">Facebook-f<\/span>\n\t\t\t\t\t\t<i class=\"fab fa-facebook-f\"><\/i>\t\t\t\t\t<\/a>\n\t\t\t\t<\/span>\n\t\t\t\t\t\t\t<span class=\"elementor-grid-item\">\n\t\t\t\t\t<a class=\"elementor-icon elementor-social-icon elementor-social-icon-instagram elementor-repeater-item-f42fb8b\" href=\"#\" target=\"_blank\">\n\t\t\t\t\t\t<span class=\"elementor-screen-only\">Instagram<\/span>\n\t\t\t\t\t\t<i class=\"fab fa-instagram\"><\/i>\t\t\t\t\t<\/a>\n\t\t\t\t<\/span>\n\t\t\t\t\t<\/div>\n\t\t\t\t<\/div>\n\t\t\t\t<\/div>\n\t\t\t\t<div class=\"elementor-element elementor-element-1445a96e elementor-widget elementor-widget-spacer\" data-id=\"1445a96e\" data-element_type=\"widget\" data-widget_type=\"spacer.default\">\n\t\t\t\t<div class=\"elementor-widget-container\">\n\t\t\t\t\t<div class=\"elementor-spacer\">\n\t\t\t<div class=\"elementor-spacer-inner\"><\/div>\n\t\t<\/div>\n\t\t\t\t<\/div>\n\t\t\t\t<\/div>\n\t\t\t\t<div class=\"elementor-element elementor-element-683f6870 elementor-widget elementor-widget-text-editor\" data-id=\"683f6870\" data-element_type=\"widget\" data-widget_type=\"text-editor.default\">\n\t\t\t\t<div class=\"elementor-widget-container\">\n\t\t\t\t\t\t\t<p>RECOVER pants \u2014 <span style=\"color: #1c1e21; font-family: Helvetica, Arial, sans-serif; font-size: 12px; letter-spacing: normal;\">GET IN TEXTIL GMBH &amp; CO. KG<\/span>. \u00a9 2020 GET IN TEXTIL GMBH &amp; CO. KG<\/p>\t\t\t\t\t\t<\/div>\n\t\t\t\t<\/div>\n\t\t\t\t\t<\/div>\n\t\t<\/div>\n\t\t\t\t\t<\/div>\n\t\t<\/section>\n\t\t\t\t<\/div>\n\t\t","protected":false},"excerpt":{"rendered":"<p>MENTIONS L\u00c9GALES Informations en vertu de la loi allemande sur les m\u00e9dias \u00e9lectroniques (TMG) Get In Textil GmbH &amp; Co. KG Rudolfstr. 10B D-41068 M\u00f6nchengladbach T\u00e9l. : +49 2161 837620 Fax:: +49 2161 831551 E-mail: sales|AT|recover-pants.de www.recover-pants.de Forme juridique : Soci\u00e9t\u00e9 en commandite Si\u00e8ge : M\u00f6nchengladbach Tribunal d\u2019instance : M\u00f6nchengladbach HRA 3183 No TVA : [&hellip;]<\/p>\n","protected":false},"author":1,"featured_media":0,"parent":0,"menu_order":0,"comment_status":"closed","ping_status":"closed","template":"","meta":{"_monsterinsights_skip_tracking":false,"_monsterinsights_sitenote_active":false,"_monsterinsights_sitenote_note":"","_monsterinsights_sitenote_category":0,"footnotes":"","_locale":"fr_FR","_original_post":"https:\/\/ld-wp73.template-help.com\/woostroid2\/skins\/default\/?page_id=1972"},"yoast_head":"<!-- This site is optimized with the Yoast SEO plugin v22.1 - https:\/\/yoast.com\/wordpress\/plugins\/seo\/ -->\n<title>Mentions l\u00e9gales - RECOVER pants<\/title>\n<meta name=\"robots\" content=\"index, follow, max-snippet:-1, max-image-preview:large, max-video-preview:-1\" \/>\n<link rel=\"canonical\" href=\"https:\/\/recover-pants.de\/fr\/mentions-legales\/\" \/>\n<meta property=\"og:locale\" content=\"fr_FR\" \/>\n<meta property=\"og:type\" content=\"article\" \/>\n<meta property=\"og:title\" content=\"Mentions l\u00e9gales - RECOVER pants\" \/>\n<meta property=\"og:description\" content=\"MENTIONS L\u00c9GALES Informations en vertu de la loi allemande sur les m\u00e9dias \u00e9lectroniques (TMG) Get In Textil GmbH &amp; Co. KG Rudolfstr. 10B D-41068 M\u00f6nchengladbach T\u00e9l. : +49 2161 837620 Fax:: +49 2161 831551 E-mail: sales|AT|recover-pants.de www.recover-pants.de Forme juridique : Soci\u00e9t\u00e9 en commandite Si\u00e8ge : M\u00f6nchengladbach Tribunal d\u2019instance : M\u00f6nchengladbach HRA 3183 No TVA : [&hellip;]\" \/>\n<meta property=\"og:url\" content=\"https:\/\/recover-pants.de\/fr\/mentions-legales\/\" \/>\n<meta property=\"og:site_name\" content=\"RECOVER pants\" \/>\n<meta property=\"article:modified_time\" content=\"2020-08-17T17:47:46+00:00\" \/>\n<meta name=\"twitter:card\" content=\"summary_large_image\" \/>\n<meta name=\"twitter:label1\" content=\"Dur\u00e9e de lecture estim\u00e9e\" \/>\n\t<meta name=\"twitter:data1\" content=\"1 minute\" \/>\n<script type=\"application\/ld+json\" class=\"yoast-schema-graph\">{\"@context\":\"https:\/\/schema.org\",\"@graph\":[{\"@type\":\"WebPage\",\"@id\":\"https:\/\/recover-pants.de\/fr\/mentions-legales\/\",\"url\":\"https:\/\/recover-pants.de\/fr\/mentions-legales\/\",\"name\":\"Mentions l\u00e9gales - RECOVER pants\",\"isPartOf\":{\"@id\":\"https:\/\/recover-pants.de\/#website\"},\"datePublished\":\"2020-08-17T17:18:43+00:00\",\"dateModified\":\"2020-08-17T17:47:46+00:00\",\"breadcrumb\":{\"@id\":\"https:\/\/recover-pants.de\/fr\/mentions-legales\/#breadcrumb\"},\"inLanguage\":\"fr-FR\",\"potentialAction\":[{\"@type\":\"ReadAction\",\"target\":[\"https:\/\/recover-pants.de\/fr\/mentions-legales\/\"]}]},{\"@type\":\"BreadcrumbList\",\"@id\":\"https:\/\/recover-pants.de\/fr\/mentions-legales\/#breadcrumb\",\"itemListElement\":[{\"@type\":\"ListItem\",\"position\":1,\"name\":\"Startseite\",\"item\":\"https:\/\/recover-pants.de\/fr\/\"},{\"@type\":\"ListItem\",\"position\":2,\"name\":\"Mentions l\u00e9gales\"}]},{\"@type\":\"WebSite\",\"@id\":\"https:\/\/recover-pants.de\/#website\",\"url\":\"https:\/\/recover-pants.de\/\",\"name\":\"RECOVER pants\",\"description\":\"Jeans Hersteller\",\"publisher\":{\"@id\":\"https:\/\/recover-pants.de\/#organization\"},\"potentialAction\":[{\"@type\":\"SearchAction\",\"target\":{\"@type\":\"EntryPoint\",\"urlTemplate\":\"https:\/\/recover-pants.de\/?s={search_term_string}\"},\"query-input\":\"required name=search_term_string\"}],\"inLanguage\":\"fr-FR\"},{\"@type\":\"Organization\",\"@id\":\"https:\/\/recover-pants.de\/#organization\",\"name\":\"RECOVER pants\",\"url\":\"https:\/\/recover-pants.de\/\",\"logo\":{\"@type\":\"ImageObject\",\"inLanguage\":\"fr-FR\",\"@id\":\"https:\/\/recover-pants.de\/#\/schema\/logo\/image\/\",\"url\":\"https:\/\/recover-pants.de\/wp-content\/uploads\/2018\/11\/cropped-recover-logo-min.png\",\"contentUrl\":\"https:\/\/recover-pants.de\/wp-content\/uploads\/2018\/11\/cropped-recover-logo-min.png\",\"width\":1532,\"height\":398,\"caption\":\"RECOVER pants\"},\"image\":{\"@id\":\"https:\/\/recover-pants.de\/#\/schema\/logo\/image\/\"}}]}<\/script>\n<!-- \/ Yoast SEO plugin. -->","yoast_head_json":{"title":"Mentions l\u00e9gales - RECOVER pants","robots":{"index":"index","follow":"follow","max-snippet":"max-snippet:-1","max-image-preview":"max-image-preview:large","max-video-preview":"max-video-preview:-1"},"canonical":"https:\/\/recover-pants.de\/fr\/mentions-legales\/","og_locale":"fr_FR","og_type":"article","og_title":"Mentions l\u00e9gales - RECOVER pants","og_description":"MENTIONS L\u00c9GALES Informations en vertu de la loi allemande sur les m\u00e9dias \u00e9lectroniques (TMG) Get In Textil GmbH &amp; Co. KG Rudolfstr. 10B D-41068 M\u00f6nchengladbach T\u00e9l. : +49 2161 837620 Fax:: +49 2161 831551 E-mail: sales|AT|recover-pants.de www.recover-pants.de Forme juridique : Soci\u00e9t\u00e9 en commandite Si\u00e8ge : M\u00f6nchengladbach Tribunal d\u2019instance : M\u00f6nchengladbach HRA 3183 No TVA : [&hellip;]","og_url":"https:\/\/recover-pants.de\/fr\/mentions-legales\/","og_site_name":"RECOVER pants","article_modified_time":"2020-08-17T17:47:46+00:00","twitter_card":"summary_large_image","twitter_misc":{"Dur\u00e9e de lecture estim\u00e9e":"1 minute"},"schema":{"@context":"https:\/\/schema.org","@graph":[{"@type":"WebPage","@id":"https:\/\/recover-pants.de\/fr\/mentions-legales\/","url":"https:\/\/recover-pants.de\/fr\/mentions-legales\/","name":"Mentions l\u00e9gales - RECOVER pants","isPartOf":{"@id":"https:\/\/recover-pants.de\/#website"},"datePublished":"2020-08-17T17:18:43+00:00","dateModified":"2020-08-17T17:47:46+00:00","breadcrumb":{"@id":"https:\/\/recover-pants.de\/fr\/mentions-legales\/#breadcrumb"},"inLanguage":"fr-FR","potentialAction":[{"@type":"ReadAction","target":["https:\/\/recover-pants.de\/fr\/mentions-legales\/"]}]},{"@type":"BreadcrumbList","@id":"https:\/\/recover-pants.de\/fr\/mentions-legales\/#breadcrumb","itemListElement":[{"@type":"ListItem","position":1,"name":"Startseite","item":"https:\/\/recover-pants.de\/fr\/"},{"@type":"ListItem","position":2,"name":"Mentions l\u00e9gales"}]},{"@type":"WebSite","@id":"https:\/\/recover-pants.de\/#website","url":"https:\/\/recover-pants.de\/","name":"RECOVER pants","description":"Jeans Hersteller","publisher":{"@id":"https:\/\/recover-pants.de\/#organization"},"potentialAction":[{"@type":"SearchAction","target":{"@type":"EntryPoint","urlTemplate":"https:\/\/recover-pants.de\/?s={search_term_string}"},"query-input":"required name=search_term_string"}],"inLanguage":"fr-FR"},{"@type":"Organization","@id":"https:\/\/recover-pants.de\/#organization","name":"RECOVER pants","url":"https:\/\/recover-pants.de\/","logo":{"@type":"ImageObject","inLanguage":"fr-FR","@id":"https:\/\/recover-pants.de\/#\/schema\/logo\/image\/","url":"https:\/\/recover-pants.de\/wp-content\/uploads\/2018\/11\/cropped-recover-logo-min.png","contentUrl":"https:\/\/recover-pants.de\/wp-content\/uploads\/2018\/11\/cropped-recover-logo-min.png","width":1532,"height":398,"caption":"RECOVER pants"},"image":{"@id":"https:\/\/recover-pants.de\/#\/schema\/logo\/image\/"}}]}},"_links":{"self":[{"href":"https:\/\/recover-pants.de\/wp-json\/wp\/v2\/pages\/7932"}],"collection":[{"href":"https:\/\/recover-pants.de\/wp-json\/wp\/v2\/pages"}],"about":[{"href":"https:\/\/recover-pants.de\/wp-json\/wp\/v2\/types\/page"}],"author":[{"embeddable":true,"href":"https:\/\/recover-pants.de\/wp-json\/wp\/v2\/users\/1"}],"replies":[{"embeddable":true,"href":"https:\/\/recover-pants.de\/wp-json\/wp\/v2\/comments?post=7932"}],"version-history":[{"count":3,"href":"https:\/\/recover-pants.de\/wp-json\/wp\/v2\/pages\/7932\/revisions"}],"predecessor-version":[{"id":8020,"href":"https:\/\/recover-pants.de\/wp-json\/wp\/v2\/pages\/7932\/revisions\/8020"}],"wp:attachment":[{"href":"https:\/\/recover-pants.de\/wp-json\/wp\/v2\/media?parent=7932"}],"curies":[{"name":"wp","href":"https:\/\/api.w.org\/{rel}","templated":true}]}}