{"id":8129,"date":"2020-08-19T11:33:44","date_gmt":"2020-08-19T09:33:44","guid":{"rendered":"https:\/\/recover-pants.de\/?page_id=8129"},"modified":"2020-08-26T13:02:47","modified_gmt":"2020-08-26T11:02:47","slug":"techno","status":"publish","type":"page","link":"https:\/\/recover-pants.de\/fr\/techno\/","title":{"rendered":"Techno"},"content":{"rendered":"\t\t<div data-elementor-type=\"wp-page\" data-elementor-id=\"8129\" class=\"elementor elementor-8129\">\n\t\t\t\t\t\t<section class=\"elementor-section elementor-top-section elementor-element elementor-element-7dbfe4c elementor-section-full_width elementor-section-stretched elementor-section-height-default elementor-section-height-default\" data-id=\"7dbfe4c\" data-element_type=\"section\" data-settings=\"{&quot;jet_parallax_layout_list&quot;:[{&quot;jet_parallax_layout_image&quot;:{&quot;url&quot;:&quot;&quot;,&quot;id&quot;:&quot;&quot;,&quot;size&quot;:&quot;&quot;},&quot;_id&quot;:&quot;1d5a6ae&quot;,&quot;jet_parallax_layout_image_tablet&quot;:{&quot;url&quot;:&quot;&quot;,&quot;id&quot;:&quot;&quot;,&quot;size&quot;:&quot;&quot;},&quot;jet_parallax_layout_image_mobile&quot;:{&quot;url&quot;:&quot;&quot;,&quot;id&quot;:&quot;&quot;,&quot;size&quot;:&quot;&quot;},&quot;jet_parallax_layout_speed&quot;:{&quot;unit&quot;:&quot;%&quot;,&quot;size&quot;:50,&quot;sizes&quot;:[]},&quot;jet_parallax_layout_type&quot;:&quot;scroll&quot;,&quot;jet_parallax_layout_direction&quot;:null,&quot;jet_parallax_layout_fx_direction&quot;:null,&quot;jet_parallax_layout_z_index&quot;:&quot;&quot;,&quot;jet_parallax_layout_bg_x&quot;:50,&quot;jet_parallax_layout_bg_y&quot;:50,&quot;jet_parallax_layout_bg_size&quot;:&quot;auto&quot;,&quot;jet_parallax_layout_animation_prop&quot;:&quot;transform&quot;,&quot;jet_parallax_layout_on&quot;:[&quot;desktop&quot;,&quot;tablet&quot;],&quot;jet_parallax_layout_bg_x_tablet&quot;:&quot;&quot;,&quot;jet_parallax_layout_bg_x_mobile&quot;:&quot;&quot;,&quot;jet_parallax_layout_bg_y_tablet&quot;:&quot;&quot;,&quot;jet_parallax_layout_bg_y_mobile&quot;:&quot;&quot;,&quot;jet_parallax_layout_bg_size_tablet&quot;:&quot;&quot;,&quot;jet_parallax_layout_bg_size_mobile&quot;:&quot;&quot;}],&quot;stretch_section&quot;:&quot;section-stretched&quot;}\">\n\t\t\t\t\t\t<div class=\"elementor-container elementor-column-gap-default\">\n\t\t\t\t\t<div class=\"elementor-column elementor-col-100 elementor-top-column elementor-element elementor-element-7fbdbc8\" data-id=\"7fbdbc8\" data-element_type=\"column\">\n\t\t\t<div class=\"elementor-widget-wrap elementor-element-populated\">\n\t\t\t\t\t\t<section class=\"elementor-section elementor-inner-section elementor-element elementor-element-b7819f6 elementor-section-full_width elementor-section-height-default elementor-section-height-default elementor-invisible\" data-id=\"b7819f6\" data-element_type=\"section\" data-settings=\"{&quot;jet_parallax_layout_list&quot;:[{&quot;jet_parallax_layout_image&quot;:{&quot;url&quot;:&quot;&quot;,&quot;id&quot;:&quot;&quot;,&quot;size&quot;:&quot;&quot;},&quot;_id&quot;:&quot;a4c4637&quot;,&quot;jet_parallax_layout_image_tablet&quot;:{&quot;url&quot;:&quot;&quot;,&quot;id&quot;:&quot;&quot;,&quot;size&quot;:&quot;&quot;},&quot;jet_parallax_layout_image_mobile&quot;:{&quot;url&quot;:&quot;&quot;,&quot;id&quot;:&quot;&quot;,&quot;size&quot;:&quot;&quot;},&quot;jet_parallax_layout_speed&quot;:{&quot;unit&quot;:&quot;%&quot;,&quot;size&quot;:50,&quot;sizes&quot;:[]},&quot;jet_parallax_layout_type&quot;:&quot;scroll&quot;,&quot;jet_parallax_layout_direction&quot;:null,&quot;jet_parallax_layout_fx_direction&quot;:null,&quot;jet_parallax_layout_z_index&quot;:&quot;&quot;,&quot;jet_parallax_layout_bg_x&quot;:50,&quot;jet_parallax_layout_bg_y&quot;:50,&quot;jet_parallax_layout_bg_size&quot;:&quot;auto&quot;,&quot;jet_parallax_layout_animation_prop&quot;:&quot;transform&quot;,&quot;jet_parallax_layout_on&quot;:[&quot;desktop&quot;,&quot;tablet&quot;],&quot;jet_parallax_layout_bg_x_tablet&quot;:&quot;&quot;,&quot;jet_parallax_layout_bg_x_mobile&quot;:&quot;&quot;,&quot;jet_parallax_layout_bg_y_tablet&quot;:&quot;&quot;,&quot;jet_parallax_layout_bg_y_mobile&quot;:&quot;&quot;,&quot;jet_parallax_layout_bg_size_tablet&quot;:&quot;&quot;,&quot;jet_parallax_layout_bg_size_mobile&quot;:&quot;&quot;}],&quot;animation&quot;:&quot;fadeIn&quot;}\">\n\t\t\t\t\t\t<div class=\"elementor-container elementor-column-gap-default\">\n\t\t\t\t\t<div class=\"elementor-column elementor-col-33 elementor-inner-column elementor-element elementor-element-c491f41\" data-id=\"c491f41\" data-element_type=\"column\">\n\t\t\t<div class=\"elementor-widget-wrap elementor-element-populated\">\n\t\t\t\t\t\t<div class=\"elementor-element elementor-element-c73dab6 elementor-widget elementor-widget-image\" data-id=\"c73dab6\" data-element_type=\"widget\" data-widget_type=\"image.default\">\n\t\t\t\t<div class=\"elementor-widget-container\">\n\t\t\t\t\t\t\t\t\t\t\t\t\t\t<a href=\"\/fr\/techno-12893-2820\/\">\n\t\t\t\t\t\t\t<img fetchpriority=\"high\" decoding=\"async\" width=\"768\" height=\"1152\" src=\"https:\/\/recover-pants.de\/wp-content\/uploads\/2020\/05\/recover-4051-768x1152.jpg\" class=\"elementor-animation-shrink attachment-medium_large size-medium_large wp-image-7594\" alt=\"\" srcset=\"https:\/\/recover-pants.de\/wp-content\/uploads\/2020\/05\/recover-4051-768x1152.jpg 768w, https:\/\/recover-pants.de\/wp-content\/uploads\/2020\/05\/recover-4051-200x300.jpg 200w, https:\/\/recover-pants.de\/wp-content\/uploads\/2020\/05\/recover-4051-683x1024.jpg 683w, https:\/\/recover-pants.de\/wp-content\/uploads\/2020\/05\/recover-4051-1024x1536.jpg 1024w, https:\/\/recover-pants.de\/wp-content\/uploads\/2020\/05\/recover-4051-600x900.jpg 600w, https:\/\/recover-pants.de\/wp-content\/uploads\/2020\/05\/recover-4051-440x660.jpg 440w, https:\/\/recover-pants.de\/wp-content\/uploads\/2020\/05\/recover-4051-370x555.jpg 370w, https:\/\/recover-pants.de\/wp-content\/uploads\/2020\/05\/recover-4051.jpg 1200w\" sizes=\"(max-width: 768px) 100vw, 768px\" \/>\t\t\t\t\t\t\t\t<\/a>\n\t\t\t\t\t\t\t\t\t\t\t\t\t<\/div>\n\t\t\t\t<\/div>\n\t\t\t\t<div class=\"elementor-element elementor-element-12dc842 elementor-widget elementor-widget-text-editor\" data-id=\"12dc842\" data-element_type=\"widget\" data-widget_type=\"text-editor.default\">\n\t\t\t\t<div class=\"elementor-widget-container\">\n\t\t\t\t\t\t\t<p>12893-2820<\/p>\t\t\t\t\t\t<\/div>\n\t\t\t\t<\/div>\n\t\t\t\t<div class=\"elementor-element elementor-element-16ea198 elementor-widget elementor-widget-text-editor\" data-id=\"16ea198\" data-element_type=\"widget\" data-widget_type=\"text-editor.default\">\n\t\t\t\t<div class=\"elementor-widget-container\">\n\t\t\t\t\t\t\t<p>Pantalon en jersey avec coutures<\/p>\t\t\t\t\t\t<\/div>\n\t\t\t\t<\/div>\n\t\t\t\t\t<\/div>\n\t\t<\/div>\n\t\t\t\t<div class=\"elementor-column elementor-col-33 elementor-inner-column elementor-element elementor-element-4740348\" data-id=\"4740348\" data-element_type=\"column\">\n\t\t\t<div class=\"elementor-widget-wrap elementor-element-populated\">\n\t\t\t\t\t\t<div class=\"elementor-element elementor-element-fcdb455 elementor-widget elementor-widget-image\" data-id=\"fcdb455\" data-element_type=\"widget\" data-widget_type=\"image.default\">\n\t\t\t\t<div class=\"elementor-widget-container\">\n\t\t\t\t\t\t\t\t\t\t\t\t\t\t<a href=\"\/fr\/techno-12986-2820\/\">\n\t\t\t\t\t\t\t<img decoding=\"async\" width=\"768\" height=\"1152\" src=\"https:\/\/recover-pants.de\/wp-content\/uploads\/2020\/05\/recover-4149-2-768x1152.jpg\" class=\"elementor-animation-shrink attachment-medium_large size-medium_large wp-image-7606\" alt=\"\" srcset=\"https:\/\/recover-pants.de\/wp-content\/uploads\/2020\/05\/recover-4149-2-768x1152.jpg 768w, https:\/\/recover-pants.de\/wp-content\/uploads\/2020\/05\/recover-4149-2-200x300.jpg 200w, https:\/\/recover-pants.de\/wp-content\/uploads\/2020\/05\/recover-4149-2-683x1024.jpg 683w, https:\/\/recover-pants.de\/wp-content\/uploads\/2020\/05\/recover-4149-2-1024x1536.jpg 1024w, https:\/\/recover-pants.de\/wp-content\/uploads\/2020\/05\/recover-4149-2-600x900.jpg 600w, https:\/\/recover-pants.de\/wp-content\/uploads\/2020\/05\/recover-4149-2-440x660.jpg 440w, https:\/\/recover-pants.de\/wp-content\/uploads\/2020\/05\/recover-4149-2-370x555.jpg 370w, https:\/\/recover-pants.de\/wp-content\/uploads\/2020\/05\/recover-4149-2.jpg 1200w\" sizes=\"(max-width: 768px) 100vw, 768px\" \/>\t\t\t\t\t\t\t\t<\/a>\n\t\t\t\t\t\t\t\t\t\t\t\t\t<\/div>\n\t\t\t\t<\/div>\n\t\t\t\t<div class=\"elementor-element elementor-element-fd92e48 elementor-widget elementor-widget-text-editor\" data-id=\"fd92e48\" data-element_type=\"widget\" data-widget_type=\"text-editor.default\">\n\t\t\t\t<div class=\"elementor-widget-container\">\n\t\t\t\t\t\t\t<p>12986-2820<\/p>\t\t\t\t\t\t<\/div>\n\t\t\t\t<\/div>\n\t\t\t\t<div class=\"elementor-element elementor-element-59b066b elementor-widget elementor-widget-text-editor\" data-id=\"59b066b\" data-element_type=\"widget\" data-widget_type=\"text-editor.default\">\n\t\t\t\t<div class=\"elementor-widget-container\">\n\t\t\t\t\t\t\t<p>Pantalon en jersey sportif \u00e0 galon<\/p>\t\t\t\t\t\t<\/div>\n\t\t\t\t<\/div>\n\t\t\t\t\t<\/div>\n\t\t<\/div>\n\t\t\t\t<div class=\"elementor-column elementor-col-33 elementor-inner-column elementor-element elementor-element-21c99d0\" data-id=\"21c99d0\" data-element_type=\"column\">\n\t\t\t<div class=\"elementor-widget-wrap elementor-element-populated\">\n\t\t\t\t\t\t<div class=\"elementor-element elementor-element-dfca5d4 elementor-widget elementor-widget-image\" data-id=\"dfca5d4\" data-element_type=\"widget\" data-widget_type=\"image.default\">\n\t\t\t\t<div class=\"elementor-widget-container\">\n\t\t\t\t\t\t\t\t\t\t\t\t\t\t<a href=\"\/fr\/techno-12751-3649\/\">\n\t\t\t\t\t\t\t<img decoding=\"async\" width=\"768\" height=\"1152\" src=\"https:\/\/recover-pants.de\/wp-content\/uploads\/2020\/05\/recover-4241-768x1152.jpg\" class=\"elementor-animation-shrink attachment-medium_large size-medium_large wp-image-7611\" alt=\"\" srcset=\"https:\/\/recover-pants.de\/wp-content\/uploads\/2020\/05\/recover-4241-768x1152.jpg 768w, https:\/\/recover-pants.de\/wp-content\/uploads\/2020\/05\/recover-4241-200x300.jpg 200w, https:\/\/recover-pants.de\/wp-content\/uploads\/2020\/05\/recover-4241-683x1024.jpg 683w, https:\/\/recover-pants.de\/wp-content\/uploads\/2020\/05\/recover-4241-1024x1536.jpg 1024w, https:\/\/recover-pants.de\/wp-content\/uploads\/2020\/05\/recover-4241-600x900.jpg 600w, https:\/\/recover-pants.de\/wp-content\/uploads\/2020\/05\/recover-4241-440x660.jpg 440w, https:\/\/recover-pants.de\/wp-content\/uploads\/2020\/05\/recover-4241-370x555.jpg 370w, https:\/\/recover-pants.de\/wp-content\/uploads\/2020\/05\/recover-4241.jpg 1200w\" sizes=\"(max-width: 768px) 100vw, 768px\" \/>\t\t\t\t\t\t\t\t<\/a>\n\t\t\t\t\t\t\t\t\t\t\t\t\t<\/div>\n\t\t\t\t<\/div>\n\t\t\t\t<div class=\"elementor-element elementor-element-385b3f8 elementor-widget elementor-widget-text-editor\" data-id=\"385b3f8\" data-element_type=\"widget\" data-widget_type=\"text-editor.default\">\n\t\t\t\t<div class=\"elementor-widget-container\">\n\t\t\t\t\t\t\t<p>12751-3649<\/p>\t\t\t\t\t\t<\/div>\n\t\t\t\t<\/div>\n\t\t\t\t<div class=\"elementor-element elementor-element-2b0e2d9 elementor-widget elementor-widget-text-editor\" data-id=\"2b0e2d9\" data-element_type=\"widget\" data-widget_type=\"text-editor.default\">\n\t\t\t\t<div class=\"elementor-widget-container\">\n\t\t\t\t\t\t\t<p>Pantalon tr\u00e8s \u00e9lastique en aspect tricot<\/p>\t\t\t\t\t\t<\/div>\n\t\t\t\t<\/div>\n\t\t\t\t\t<\/div>\n\t\t<\/div>\n\t\t\t\t\t<\/div>\n\t\t<\/section>\n\t\t\t\t\t<\/div>\n\t\t<\/div>\n\t\t\t\t\t<\/div>\n\t\t<\/section>\n\t\t\t\t<section class=\"elementor-section elementor-top-section elementor-element elementor-element-3c532ad2 elementor-section-boxed elementor-section-height-default elementor-section-height-default\" data-id=\"3c532ad2\" data-element_type=\"section\" data-settings=\"{&quot;jet_parallax_layout_list&quot;:[{&quot;jet_parallax_layout_image&quot;:{&quot;url&quot;:&quot;&quot;,&quot;id&quot;:&quot;&quot;,&quot;size&quot;:&quot;&quot;},&quot;_id&quot;:&quot;d546b95&quot;,&quot;jet_parallax_layout_image_tablet&quot;:{&quot;url&quot;:&quot;&quot;,&quot;id&quot;:&quot;&quot;,&quot;size&quot;:&quot;&quot;},&quot;jet_parallax_layout_image_mobile&quot;:{&quot;url&quot;:&quot;&quot;,&quot;id&quot;:&quot;&quot;,&quot;size&quot;:&quot;&quot;},&quot;jet_parallax_layout_speed&quot;:{&quot;unit&quot;:&quot;%&quot;,&quot;size&quot;:50,&quot;sizes&quot;:[]},&quot;jet_parallax_layout_type&quot;:&quot;scroll&quot;,&quot;jet_parallax_layout_direction&quot;:null,&quot;jet_parallax_layout_fx_direction&quot;:null,&quot;jet_parallax_layout_z_index&quot;:&quot;&quot;,&quot;jet_parallax_layout_bg_x&quot;:50,&quot;jet_parallax_layout_bg_y&quot;:50,&quot;jet_parallax_layout_bg_size&quot;:&quot;auto&quot;,&quot;jet_parallax_layout_animation_prop&quot;:&quot;transform&quot;,&quot;jet_parallax_layout_on&quot;:[&quot;desktop&quot;,&quot;tablet&quot;],&quot;jet_parallax_layout_bg_x_tablet&quot;:&quot;&quot;,&quot;jet_parallax_layout_bg_x_mobile&quot;:&quot;&quot;,&quot;jet_parallax_layout_bg_y_tablet&quot;:&quot;&quot;,&quot;jet_parallax_layout_bg_y_mobile&quot;:&quot;&quot;,&quot;jet_parallax_layout_bg_size_tablet&quot;:&quot;&quot;,&quot;jet_parallax_layout_bg_size_mobile&quot;:&quot;&quot;}]}\">\n\t\t\t\t\t\t<div class=\"elementor-container elementor-column-gap-default\">\n\t\t\t\t\t<div class=\"elementor-column elementor-col-100 elementor-top-column elementor-element elementor-element-55fd6a6f\" data-id=\"55fd6a6f\" data-element_type=\"column\">\n\t\t\t<div class=\"elementor-widget-wrap\">\n\t\t\t\t\t\t\t<\/div>\n\t\t<\/div>\n\t\t\t\t\t<\/div>\n\t\t<\/section>\n\t\t\t\t<section class=\"elementor-section elementor-top-section elementor-element elementor-element-3d70fb4c elementor-section-stretched elementor-section-full_width elementor-section-height-default elementor-section-height-default\" data-id=\"3d70fb4c\" data-element_type=\"section\" data-settings=\"{&quot;jet_parallax_layout_list&quot;:[{&quot;jet_parallax_layout_image&quot;:{&quot;url&quot;:&quot;&quot;,&quot;id&quot;:&quot;&quot;,&quot;size&quot;:&quot;&quot;},&quot;_id&quot;:&quot;e831984&quot;,&quot;jet_parallax_layout_speed&quot;:{&quot;unit&quot;:&quot;%&quot;,&quot;size&quot;:50,&quot;sizes&quot;:[]},&quot;jet_parallax_layout_type&quot;:&quot;scroll&quot;,&quot;jet_parallax_layout_z_index&quot;:&quot;&quot;,&quot;jet_parallax_layout_bg_x&quot;:50,&quot;jet_parallax_layout_bg_y&quot;:50,&quot;jet_parallax_layout_bg_size&quot;:&quot;auto&quot;,&quot;jet_parallax_layout_animation_prop&quot;:&quot;transform&quot;,&quot;jet_parallax_layout_on&quot;:[&quot;desktop&quot;,&quot;tablet&quot;],&quot;jet_parallax_layout_image_tablet&quot;:{&quot;url&quot;:&quot;&quot;,&quot;id&quot;:&quot;&quot;,&quot;size&quot;:&quot;&quot;},&quot;jet_parallax_layout_image_mobile&quot;:{&quot;url&quot;:&quot;&quot;,&quot;id&quot;:&quot;&quot;,&quot;size&quot;:&quot;&quot;},&quot;jet_parallax_layout_direction&quot;:null,&quot;jet_parallax_layout_fx_direction&quot;:null,&quot;jet_parallax_layout_bg_x_tablet&quot;:&quot;&quot;,&quot;jet_parallax_layout_bg_x_mobile&quot;:&quot;&quot;,&quot;jet_parallax_layout_bg_y_tablet&quot;:&quot;&quot;,&quot;jet_parallax_layout_bg_y_mobile&quot;:&quot;&quot;,&quot;jet_parallax_layout_bg_size_tablet&quot;:&quot;&quot;,&quot;jet_parallax_layout_bg_size_mobile&quot;:&quot;&quot;}],&quot;stretch_section&quot;:&quot;section-stretched&quot;}\">\n\t\t\t\t\t\t<div class=\"elementor-container elementor-column-gap-default\">\n\t\t\t\t\t<div class=\"elementor-column elementor-col-100 elementor-top-column elementor-element elementor-element-4b5eed07\" data-id=\"4b5eed07\" data-element_type=\"column\">\n\t\t\t<div class=\"elementor-widget-wrap elementor-element-populated\">\n\t\t\t\t\t\t<div class=\"elementor-element elementor-element-432a7f65 elementor-widget elementor-widget-spacer\" data-id=\"432a7f65\" data-element_type=\"widget\" data-widget_type=\"spacer.default\">\n\t\t\t\t<div class=\"elementor-widget-container\">\n\t\t\t\t\t<div class=\"elementor-spacer\">\n\t\t\t<div class=\"elementor-spacer-inner\"><\/div>\n\t\t<\/div>\n\t\t\t\t<\/div>\n\t\t\t\t<\/div>\n\t\t\t\t<div class=\"elementor-element elementor-element-70ba9ca1 elementor-widget elementor-widget-spacer\" data-id=\"70ba9ca1\" data-element_type=\"widget\" data-widget_type=\"spacer.default\">\n\t\t\t\t<div class=\"elementor-widget-container\">\n\t\t\t\t\t<div class=\"elementor-spacer\">\n\t\t\t<div class=\"elementor-spacer-inner\"><\/div>\n\t\t<\/div>\n\t\t\t\t<\/div>\n\t\t\t\t<\/div>\n\t\t\t\t<div class=\"elementor-element elementor-element-460cd541 elementor-shape-circle elementor-grid-0 e-grid-align-center elementor-widget elementor-widget-social-icons\" data-id=\"460cd541\" data-element_type=\"widget\" data-widget_type=\"social-icons.default\">\n\t\t\t\t<div class=\"elementor-widget-container\">\n\t\t\t\t\t<div class=\"elementor-social-icons-wrapper elementor-grid\">\n\t\t\t\t\t\t\t<span class=\"elementor-grid-item\">\n\t\t\t\t\t<a class=\"elementor-icon elementor-social-icon elementor-social-icon-facebook-f elementor-repeater-item-88d5e2a\" href=\"https:\/\/de-de.facebook.com\/pg\/RECOVER.pants\/about\/\" target=\"_blank\">\n\t\t\t\t\t\t<span class=\"elementor-screen-only\">Facebook-f<\/span>\n\t\t\t\t\t\t<i class=\"fab fa-facebook-f\"><\/i>\t\t\t\t\t<\/a>\n\t\t\t\t<\/span>\n\t\t\t\t\t\t\t<span class=\"elementor-grid-item\">\n\t\t\t\t\t<a class=\"elementor-icon elementor-social-icon elementor-social-icon-instagram elementor-repeater-item-f42fb8b\" href=\"#\" target=\"_blank\">\n\t\t\t\t\t\t<span class=\"elementor-screen-only\">Instagram<\/span>\n\t\t\t\t\t\t<i class=\"fab fa-instagram\"><\/i>\t\t\t\t\t<\/a>\n\t\t\t\t<\/span>\n\t\t\t\t\t<\/div>\n\t\t\t\t<\/div>\n\t\t\t\t<\/div>\n\t\t\t\t<div class=\"elementor-element elementor-element-24eb5f89 elementor-widget elementor-widget-spacer\" data-id=\"24eb5f89\" data-element_type=\"widget\" data-widget_type=\"spacer.default\">\n\t\t\t\t<div class=\"elementor-widget-container\">\n\t\t\t\t\t<div class=\"elementor-spacer\">\n\t\t\t<div class=\"elementor-spacer-inner\"><\/div>\n\t\t<\/div>\n\t\t\t\t<\/div>\n\t\t\t\t<\/div>\n\t\t\t\t<div class=\"elementor-element elementor-element-6cdd7055 elementor-widget elementor-widget-text-editor\" data-id=\"6cdd7055\" data-element_type=\"widget\" data-widget_type=\"text-editor.default\">\n\t\t\t\t<div class=\"elementor-widget-container\">\n\t\t\t\t\t\t\t<p>RECOVER pants \u2014 <span style=\"color: #1c1e21; font-family: Helvetica, Arial, sans-serif; font-size: 12px; letter-spacing: normal;\">GET IN TEXTIL GMBH &amp; CO. KG<\/span>. \u00a9 2020 GET IN TEXTIL GMBH &amp; CO. KG<\/p>\t\t\t\t\t\t<\/div>\n\t\t\t\t<\/div>\n\t\t\t\t\t<\/div>\n\t\t<\/div>\n\t\t\t\t\t<\/div>\n\t\t<\/section>\n\t\t\t\t<\/div>\n\t\t","protected":false},"excerpt":{"rendered":"<p>12893-2820 Pantalon en jersey avec coutures 12986-2820 Pantalon en jersey sportif \u00e0 galon 12751-3649 Pantalon tr\u00e8s \u00e9lastique en aspect tricot Facebook-f Instagram RECOVER pants \u2014 GET IN TEXTIL GMBH &amp; CO. KG. \u00a9 2020 GET IN TEXTIL GMBH &amp; CO. KG<\/p>\n","protected":false},"author":1,"featured_media":0,"parent":0,"menu_order":0,"comment_status":"closed","ping_status":"closed","template":"","meta":{"_monsterinsights_skip_tracking":false,"_monsterinsights_sitenote_active":false,"_monsterinsights_sitenote_note":"","_monsterinsights_sitenote_category":0,"footnotes":"","_locale":"fr_FR","_original_post":"http:\/\/recover-pants.de\/?page_id=7672"},"yoast_head":"<!-- This site is optimized with the Yoast SEO plugin v22.1 - https:\/\/yoast.com\/wordpress\/plugins\/seo\/ -->\n<title>Techno - RECOVER pants<\/title>\n<meta name=\"robots\" content=\"index, follow, max-snippet:-1, max-image-preview:large, max-video-preview:-1\" \/>\n<link rel=\"canonical\" href=\"https:\/\/recover-pants.de\/fr\/techno\/\" \/>\n<meta property=\"og:locale\" content=\"fr_FR\" \/>\n<meta property=\"og:type\" content=\"article\" \/>\n<meta property=\"og:title\" content=\"Techno - RECOVER pants\" \/>\n<meta property=\"og:description\" content=\"12893-2820 Pantalon en jersey avec coutures 12986-2820 Pantalon en jersey sportif \u00e0 galon 12751-3649 Pantalon tr\u00e8s \u00e9lastique en aspect tricot Facebook-f Instagram RECOVER pants \u2014 GET IN TEXTIL GMBH &amp; CO. KG. \u00a9 2020 GET IN TEXTIL GMBH &amp; CO. KG\" \/>\n<meta property=\"og:url\" content=\"https:\/\/recover-pants.de\/fr\/techno\/\" \/>\n<meta property=\"og:site_name\" content=\"RECOVER pants\" \/>\n<meta property=\"article:modified_time\" content=\"2020-08-26T11:02:47+00:00\" \/>\n<meta property=\"og:image\" content=\"https:\/\/recover-pants.de\/wp-content\/uploads\/2020\/05\/recover-4051-768x1152.jpg\" \/>\n<meta name=\"twitter:card\" content=\"summary_large_image\" \/>\n<script type=\"application\/ld+json\" class=\"yoast-schema-graph\">{\"@context\":\"https:\/\/schema.org\",\"@graph\":[{\"@type\":\"WebPage\",\"@id\":\"https:\/\/recover-pants.de\/fr\/techno\/\",\"url\":\"https:\/\/recover-pants.de\/fr\/techno\/\",\"name\":\"Techno - RECOVER pants\",\"isPartOf\":{\"@id\":\"https:\/\/recover-pants.de\/#website\"},\"datePublished\":\"2020-08-19T09:33:44+00:00\",\"dateModified\":\"2020-08-26T11:02:47+00:00\",\"breadcrumb\":{\"@id\":\"https:\/\/recover-pants.de\/fr\/techno\/#breadcrumb\"},\"inLanguage\":\"fr-FR\",\"potentialAction\":[{\"@type\":\"ReadAction\",\"target\":[\"https:\/\/recover-pants.de\/fr\/techno\/\"]}]},{\"@type\":\"BreadcrumbList\",\"@id\":\"https:\/\/recover-pants.de\/fr\/techno\/#breadcrumb\",\"itemListElement\":[{\"@type\":\"ListItem\",\"position\":1,\"name\":\"Startseite\",\"item\":\"https:\/\/recover-pants.de\/fr\/\"},{\"@type\":\"ListItem\",\"position\":2,\"name\":\"Techno\"}]},{\"@type\":\"WebSite\",\"@id\":\"https:\/\/recover-pants.de\/#website\",\"url\":\"https:\/\/recover-pants.de\/\",\"name\":\"RECOVER pants\",\"description\":\"Jeans Hersteller\",\"publisher\":{\"@id\":\"https:\/\/recover-pants.de\/#organization\"},\"potentialAction\":[{\"@type\":\"SearchAction\",\"target\":{\"@type\":\"EntryPoint\",\"urlTemplate\":\"https:\/\/recover-pants.de\/?s={search_term_string}\"},\"query-input\":\"required name=search_term_string\"}],\"inLanguage\":\"fr-FR\"},{\"@type\":\"Organization\",\"@id\":\"https:\/\/recover-pants.de\/#organization\",\"name\":\"RECOVER pants\",\"url\":\"https:\/\/recover-pants.de\/\",\"logo\":{\"@type\":\"ImageObject\",\"inLanguage\":\"fr-FR\",\"@id\":\"https:\/\/recover-pants.de\/#\/schema\/logo\/image\/\",\"url\":\"https:\/\/recover-pants.de\/wp-content\/uploads\/2018\/11\/cropped-recover-logo-min.png\",\"contentUrl\":\"https:\/\/recover-pants.de\/wp-content\/uploads\/2018\/11\/cropped-recover-logo-min.png\",\"width\":1532,\"height\":398,\"caption\":\"RECOVER pants\"},\"image\":{\"@id\":\"https:\/\/recover-pants.de\/#\/schema\/logo\/image\/\"}}]}<\/script>\n<!-- \/ Yoast SEO plugin. -->","yoast_head_json":{"title":"Techno - RECOVER pants","robots":{"index":"index","follow":"follow","max-snippet":"max-snippet:-1","max-image-preview":"max-image-preview:large","max-video-preview":"max-video-preview:-1"},"canonical":"https:\/\/recover-pants.de\/fr\/techno\/","og_locale":"fr_FR","og_type":"article","og_title":"Techno - RECOVER pants","og_description":"12893-2820 Pantalon en jersey avec coutures 12986-2820 Pantalon en jersey sportif \u00e0 galon 12751-3649 Pantalon tr\u00e8s \u00e9lastique en aspect tricot Facebook-f Instagram RECOVER pants \u2014 GET IN TEXTIL GMBH &amp; CO. KG. \u00a9 2020 GET IN TEXTIL GMBH &amp; CO. KG","og_url":"https:\/\/recover-pants.de\/fr\/techno\/","og_site_name":"RECOVER pants","article_modified_time":"2020-08-26T11:02:47+00:00","og_image":[{"url":"https:\/\/recover-pants.de\/wp-content\/uploads\/2020\/05\/recover-4051-768x1152.jpg"}],"twitter_card":"summary_large_image","schema":{"@context":"https:\/\/schema.org","@graph":[{"@type":"WebPage","@id":"https:\/\/recover-pants.de\/fr\/techno\/","url":"https:\/\/recover-pants.de\/fr\/techno\/","name":"Techno - RECOVER pants","isPartOf":{"@id":"https:\/\/recover-pants.de\/#website"},"datePublished":"2020-08-19T09:33:44+00:00","dateModified":"2020-08-26T11:02:47+00:00","breadcrumb":{"@id":"https:\/\/recover-pants.de\/fr\/techno\/#breadcrumb"},"inLanguage":"fr-FR","potentialAction":[{"@type":"ReadAction","target":["https:\/\/recover-pants.de\/fr\/techno\/"]}]},{"@type":"BreadcrumbList","@id":"https:\/\/recover-pants.de\/fr\/techno\/#breadcrumb","itemListElement":[{"@type":"ListItem","position":1,"name":"Startseite","item":"https:\/\/recover-pants.de\/fr\/"},{"@type":"ListItem","position":2,"name":"Techno"}]},{"@type":"WebSite","@id":"https:\/\/recover-pants.de\/#website","url":"https:\/\/recover-pants.de\/","name":"RECOVER pants","description":"Jeans Hersteller","publisher":{"@id":"https:\/\/recover-pants.de\/#organization"},"potentialAction":[{"@type":"SearchAction","target":{"@type":"EntryPoint","urlTemplate":"https:\/\/recover-pants.de\/?s={search_term_string}"},"query-input":"required name=search_term_string"}],"inLanguage":"fr-FR"},{"@type":"Organization","@id":"https:\/\/recover-pants.de\/#organization","name":"RECOVER pants","url":"https:\/\/recover-pants.de\/","logo":{"@type":"ImageObject","inLanguage":"fr-FR","@id":"https:\/\/recover-pants.de\/#\/schema\/logo\/image\/","url":"https:\/\/recover-pants.de\/wp-content\/uploads\/2018\/11\/cropped-recover-logo-min.png","contentUrl":"https:\/\/recover-pants.de\/wp-content\/uploads\/2018\/11\/cropped-recover-logo-min.png","width":1532,"height":398,"caption":"RECOVER pants"},"image":{"@id":"https:\/\/recover-pants.de\/#\/schema\/logo\/image\/"}}]}},"_links":{"self":[{"href":"https:\/\/recover-pants.de\/wp-json\/wp\/v2\/pages\/8129"}],"collection":[{"href":"https:\/\/recover-pants.de\/wp-json\/wp\/v2\/pages"}],"about":[{"href":"https:\/\/recover-pants.de\/wp-json\/wp\/v2\/types\/page"}],"author":[{"embeddable":true,"href":"https:\/\/recover-pants.de\/wp-json\/wp\/v2\/users\/1"}],"replies":[{"embeddable":true,"href":"https:\/\/recover-pants.de\/wp-json\/wp\/v2\/comments?post=8129"}],"version-history":[{"count":6,"href":"https:\/\/recover-pants.de\/wp-json\/wp\/v2\/pages\/8129\/revisions"}],"predecessor-version":[{"id":8279,"href":"https:\/\/recover-pants.de\/wp-json\/wp\/v2\/pages\/8129\/revisions\/8279"}],"wp:attachment":[{"href":"https:\/\/recover-pants.de\/wp-json\/wp\/v2\/media?parent=8129"}],"curies":[{"name":"wp","href":"https:\/\/api.w.org\/{rel}","templated":true}]}}